{"id":70,"date":"2025-11-09T15:41:07","date_gmt":"2025-11-09T21:41:07","guid":{"rendered":"https:\/\/smlogistic.pcsoportevpn.com\/?page_id=70"},"modified":"2026-02-18T14:27:50","modified_gmt":"2026-02-18T20:27:50","slug":"colibri-wp","status":"publish","type":"page","link":"https:\/\/romanologistics.com\/","title":{"rendered":"P\u00e1gina de Inicio"},"content":{"rendered":"<div data-colibri-id=\"70-c1\" class=\"style-194 style-local-70-c1 position-relative\">\n  <!---->\n  <div data-colibri-component=\"section\" data-colibri-id=\"70-c2\" id=\"features\" class=\"h-section h-section-global-spacing d-flex align-items-lg-center align-items-md-center align-items-center style-213 style-local-70-c2 position-relative\">\n    <!---->\n    <!---->\n    <div class=\"h-section-grid-container h-section-boxed-container\">\n      <div data-colibri-id=\"70-c20\" class=\"h-row-container gutters-row-lg-2 gutters-row-md-2 gutters-row-0 gutters-row-v-lg-2 gutters-row-v-md-2 gutters-row-v-2 style-223 style-local-70-c20 position-relative\">\n        <!---->\n        <div class=\"h-row justify-content-lg-center justify-content-md-center justify-content-center align-items-lg-stretch align-items-md-stretch align-items-stretch gutters-col-lg-2 gutters-col-md-2 gutters-col-0 gutters-col-v-lg-2 gutters-col-v-md-2 gutters-col-v-2\">\n          <!---->\n          <div class=\"h-column h-column-container d-flex h-col-lg-auto h-col-md-auto h-col-auto style-224-outer style-local-70-c21-outer\">\n            <div data-colibri-id=\"70-c21\" class=\"d-flex h-flex-basis h-column__inner h-px-lg-2 h-px-md-2 h-px-2 v-inner-lg-2 v-inner-md-2 v-inner-2 style-224 style-local-70-c21 position-relative\">\n              <!---->\n              <!---->\n              <div class=\"w-100 h-y-container h-column__content h-column__v-align flex-basis-100 align-self-lg-start align-self-md-start align-self-start\">\n                <!---->\n                <div data-colibri-id=\"70-c22\" class=\"h-global-transition-all h-heading style-225 style-local-70-c22 position-relative h-element\">\n                  <!---->\n                  <div class=\"h-heading__outer style-225 style-local-70-c22\">\n                    <!---->\n                    <!---->\n                    <h2 class=\"\">Acerca de nosotros<\/h2>\n                  <\/div>\n                <\/div>\n                <div data-colibri-id=\"70-c23\" class=\"h-lead h-text h-text-component style-226 style-local-70-c23 position-relative h-element\">\n                  <!---->\n                  <!---->\n                  <div class=\"\">\n                    <p>Romano Logistics. es una empresa costarricense especializada en almac\u00e9n general y almac\u00e9n fiscal en El Coyol de Alajuela. Ofrecemos soluciones de almacenamiento seguro y eficiente para empresas nacionales e internacionales, con enfoque\n                      en control de inventarios, cumplimiento y servicio personalizado.<\/p>\n                  <\/div>\n                <\/div>\n              <\/div>\n            <\/div>\n          <\/div>\n        <\/div>\n      <\/div>\n      <div data-colibri-id=\"70-c3\" class=\"h-row-container gutters-row-lg-2 gutters-row-md-2 gutters-row-2 gutters-row-v-lg-2 gutters-row-v-md-2 gutters-row-v-2 style-214 style-local-70-c3 position-relative\">\n        <!---->\n        <div class=\"h-row justify-content-lg-center justify-content-md-center justify-content-center align-items-lg-stretch align-items-md-stretch align-items-stretch gutters-col-lg-2 gutters-col-md-2 gutters-col-2 gutters-col-v-lg-2 gutters-col-v-md-2 gutters-col-v-2\">\n          <!---->\n          <div class=\"h-column h-column-container d-flex h-col-lg-4 h-col-md-6 h-col-12 style-215-outer style-local-70-c4-outer\">\n            <div data-colibri-id=\"70-c4\" class=\"d-flex h-flex-basis h-column__inner h-px-lg-0 h-px-md-0 h-px-0 v-inner-lg-0 v-inner-md-0 v-inner-0 style-215 style-local-70-c4 position-relative\">\n              <!---->\n              <!---->\n              <div class=\"w-100 h-y-container h-column__content h-column__v-align flex-basis-100 align-self-lg-start align-self-md-start align-self-start\">\n                <!---->\n                <div data-colibri-id=\"70-c5\" data-aos=\"zoomIn\" class=\"d-block style-216 style-local-70-c5 position-relative h-element\">\n                  <!---->\n                  <div class=\"h-image__frame-container-outer\">\n                    <div class=\"h-image__frame-container\">\n                      <!---->\n                      <!---->\n                      <img loading=\"lazy\" decoding=\"async\" width=\"1707\" height=\"1705\" src=\"https:\/\/romanologistics.com\/wp-content\/uploads\/2025\/11\/cropped-pexels-elevate-1267338-1-scaled-1.jpg\" class=\"wp-image-143 style-216-image style-local-70-c5-image\" alt=\"\" srcset=\"https:\/\/romanologistics.com\/wp-content\/uploads\/2025\/11\/cropped-pexels-elevate-1267338-1-scaled-1.jpg 1707w, https:\/\/romanologistics.com\/wp-content\/uploads\/2025\/11\/cropped-pexels-elevate-1267338-1-scaled-1-300x300.jpg 300w, https:\/\/romanologistics.com\/wp-content\/uploads\/2025\/11\/cropped-pexels-elevate-1267338-1-scaled-1-1024x1024.jpg 1024w, https:\/\/romanologistics.com\/wp-content\/uploads\/2025\/11\/cropped-pexels-elevate-1267338-1-scaled-1-150x150.jpg 150w, https:\/\/romanologistics.com\/wp-content\/uploads\/2025\/11\/cropped-pexels-elevate-1267338-1-scaled-1-768x767.jpg 768w, https:\/\/romanologistics.com\/wp-content\/uploads\/2025\/11\/cropped-pexels-elevate-1267338-1-scaled-1-1536x1534.jpg 1536w\" sizes=\"auto, (max-width: 1707px) 100vw, 1707px\" \/>\n                      <div class=\"h-image__frame h-hide-lg h-hide-md h-hide-sm style-216-frameImage style-local-70-c5-frameImage\"><\/div>\n                    <\/div>\n                  <\/div>\n                <\/div>\n                <div data-colibri-id=\"70-c6\" class=\"h-row-container gutters-row-lg-0 gutters-row-md-0 gutters-row-2 gutters-row-v-lg-0 gutters-row-v-md-0 gutters-row-v-2 style-217 style-local-70-c6 position-relative\">\n                  <!---->\n                  <div class=\"h-row justify-content-lg-center justify-content-md-center justify-content-center align-items-lg-stretch align-items-md-stretch align-items-stretch gutters-col-lg-0 gutters-col-md-0 gutters-col-2 gutters-col-v-lg-0 gutters-col-v-md-0 gutters-col-v-2\">\n                    <!---->\n                    <div class=\"h-column h-column-container d-flex h-col-lg-auto h-col-md-auto h-col-auto style-218-outer style-local-70-c7-outer\">\n                      <div data-colibri-id=\"70-c7\" class=\"d-flex h-flex-basis h-column__inner h-px-lg-2 h-px-md-3 h-px-2 v-inner-lg-2 v-inner-md-3 v-inner-2 style-218 style-local-70-c7 position-relative\">\n                        <!---->\n                        <!---->\n                        <div class=\"w-100 h-y-container h-column__content h-column__v-align flex-basis-100 align-self-lg-start align-self-md-start align-self-start\">\n                          <!---->\n                          <div data-colibri-id=\"70-c8\" class=\"h-global-transition-all h-heading style-219 style-local-70-c8 position-relative h-element\">\n                            <!---->\n                            <div class=\"h-heading__outer style-219 style-local-70-c8\">\n                              <!---->\n                              <!---->\n                              <h4 class=\"\">ALMAC\u00c9N FISCAL<\/h4>\n                            <\/div>\n                          <\/div>\n                          <div data-colibri-id=\"70-c9\" class=\"h-text h-text-component style-220 style-local-70-c9 position-relative h-element\">\n                            <!---->\n                            <!---->\n                            <div class=\"\">\n                              <p><span style=\"color: rgb(70, 112, 127); font-family: &quot;Open Sans&quot;; font-size: 16px; font-weight: 400;\">Espacio especializado para mercanc\u00edas bajo r\u00e9gimen aduanero, que permite optimizar el pago de impuestos, manejar inventarios de importaci\u00f3n y reexportaci\u00f3n y facilitar la operaci\u00f3n log\u00edstica de tu empresa.<\/span>Espacio\n                                especializado para mercanc\u00edas bajo r\u00e9gimen aduanero, que permite optimizar el pago de impuestos, manejar inventarios de importaci\u00f3n y reexportaci\u00f3n y facilitar la operaci\u00f3n log\u00edstica de tu empresa<\/p>\n                            <\/div>\n                          <\/div>\n                        <\/div>\n                      <\/div>\n                    <\/div>\n                  <\/div>\n                <\/div>\n                <div data-colibri-id=\"70-c10\" class=\"h-x-container style-221 style-local-70-c10 position-relative h-element\">\n                  <!---->\n                  <div class=\"h-x-container-inner style-dynamic-70-c10-group style-221-spacing style-local-70-c10-spacing\"><span class=\"h-link__outer style-222-outer style-local-70-c11-outer d-inline-flex h-element\"><a h-use-smooth-scroll=\"true\" href=\"https:\/\/romanologistics.com\/?page_id=364\"  data-colibri-id=\"70-c11\" class=\"d-flex w-100 align-items-center h-link style-222 style-local-70-c11 position-relative\"><!----><!----> <span>M\u00e1s de nosotros<\/span>                    <span class=\"h-svg-icon h-link__icon style-222-icon style-local-70-c11-icon\"><!--Icon by Icons8 Line Awesome (https:\/\/icons8.com\/line-awesome)--><svg version=\"1.1\" xmlns=\"http:\/\/www.w3.org\/2000\/svg\" xmlns:xlink=\"http:\/\/www.w3.org\/1999\/xlink\" id=\"angle-double-right\" viewBox=\"0 0 512 545.5\"><path d=\"M145.5 108.5l168 168L325 288l-11.5 11.5-168 168-22.5-23L279.5 288 123 131.5zm112 0l168 168L437 288l-11.5 11.5-168 168-22.5-23L391.5 288 235 131.5z\"><\/path><\/svg><\/span><\/a>\n                    <\/span>\n                  <\/div>\n                <\/div>\n              <\/div>\n            <\/div>\n          <\/div>\n          <div class=\"h-column h-column-container d-flex h-col-lg-4 h-col-md-6 h-col-12 style-215-outer style-local-70-c12-outer\">\n            <div data-colibri-id=\"70-c12\" class=\"d-flex h-flex-basis h-column__inner h-px-lg-0 h-px-md-0 h-px-0 v-inner-lg-0 v-inner-md-0 v-inner-0 style-215 style-local-70-c12 position-relative\">\n              <!---->\n              <!---->\n              <div class=\"w-100 h-y-container h-column__content h-column__v-align flex-basis-100 align-self-lg-start align-self-md-start align-self-start\">\n                <!---->\n                <div data-colibri-id=\"70-c13\" data-aos=\"zoomIn\" class=\"d-block style-216 style-local-70-c13 position-relative h-element\">\n                  <!---->\n                  <div class=\"h-image__frame-container-outer\">\n                    <div class=\"h-image__frame-container\">\n                      <!---->\n                      <!---->\n                      <img loading=\"lazy\" decoding=\"async\" width=\"1707\" height=\"1704\" src=\"https:\/\/romanologistics.com\/wp-content\/uploads\/2025\/11\/cropped-pexels-tiger-lily-4483773-1-2-scaled-1.jpg\" class=\"wp-image-164 style-216-image style-local-70-c13-image\" alt=\"\" srcset=\"https:\/\/romanologistics.com\/wp-content\/uploads\/2025\/11\/cropped-pexels-tiger-lily-4483773-1-2-scaled-1.jpg 1707w, https:\/\/romanologistics.com\/wp-content\/uploads\/2025\/11\/cropped-pexels-tiger-lily-4483773-1-2-scaled-1-300x300.jpg 300w, https:\/\/romanologistics.com\/wp-content\/uploads\/2025\/11\/cropped-pexels-tiger-lily-4483773-1-2-scaled-1-1024x1022.jpg 1024w, https:\/\/romanologistics.com\/wp-content\/uploads\/2025\/11\/cropped-pexels-tiger-lily-4483773-1-2-scaled-1-150x150.jpg 150w, https:\/\/romanologistics.com\/wp-content\/uploads\/2025\/11\/cropped-pexels-tiger-lily-4483773-1-2-scaled-1-768x767.jpg 768w, https:\/\/romanologistics.com\/wp-content\/uploads\/2025\/11\/cropped-pexels-tiger-lily-4483773-1-2-scaled-1-1536x1533.jpg 1536w\" sizes=\"auto, (max-width: 1707px) 100vw, 1707px\" \/>\n                      <div class=\"h-image__frame h-hide-lg h-hide-md h-hide-sm style-216-frameImage style-local-70-c13-frameImage\"><\/div>\n                    <\/div>\n                  <\/div>\n                <\/div>\n                <div data-colibri-id=\"70-c14\" class=\"h-row-container gutters-row-lg-0 gutters-row-md-0 gutters-row-2 gutters-row-v-lg-0 gutters-row-v-md-0 gutters-row-v-2 style-217 style-local-70-c14 position-relative\">\n                  <!---->\n                  <div class=\"h-row justify-content-lg-center justify-content-md-center justify-content-center align-items-lg-stretch align-items-md-stretch align-items-stretch gutters-col-lg-0 gutters-col-md-0 gutters-col-2 gutters-col-v-lg-0 gutters-col-v-md-0 gutters-col-v-2\">\n                    <!---->\n                    <div class=\"h-column h-column-container d-flex h-col-lg-auto h-col-md-auto h-col-auto style-218-outer style-local-70-c15-outer\">\n                      <div data-colibri-id=\"70-c15\" class=\"d-flex h-flex-basis h-column__inner h-px-lg-2 h-px-md-3 h-px-2 v-inner-lg-2 v-inner-md-3 v-inner-2 style-218 style-local-70-c15 position-relative\">\n                        <!---->\n                        <!---->\n                        <div class=\"w-100 h-y-container h-column__content h-column__v-align flex-basis-100 align-self-lg-start align-self-md-start align-self-start\">\n                          <!---->\n                          <div data-colibri-id=\"70-c16\" class=\"h-global-transition-all h-heading style-219 style-local-70-c16 position-relative h-element\">\n                            <!---->\n                            <div class=\"h-heading__outer style-219 style-local-70-c16\">\n                              <!---->\n                              <!---->\n                              <h4 class=\"\">ALMAC\u00c9N GENERAL<\/h4>\n                            <\/div>\n                          <\/div>\n                          <div data-colibri-id=\"70-c17\" class=\"h-text h-text-component style-220 style-local-70-c17 position-relative h-element\">\n                            <!---->\n                            <!---->\n                            <div class=\"\">\n                              <p>Espacio especializado para mercanc\u00edas bajo r\u00e9gimen aduanero, que permite optimizar el pago de impuestos, manejar inventarios de importaci\u00f3n y reexportaci\u00f3n y facilitar la operaci\u00f3n log\u00edstica de tu empresa.<\/p>\n                            <\/div>\n                          <\/div>\n                        <\/div>\n                      <\/div>\n                    <\/div>\n                  <\/div>\n                <\/div>\n                <div data-colibri-id=\"70-c18\" class=\"h-x-container style-221 style-local-70-c18 position-relative h-element\">\n                  <!---->\n                  <div class=\"h-x-container-inner style-dynamic-70-c18-group style-221-spacing style-local-70-c18-spacing\"><span class=\"h-link__outer style-222-outer style-local-70-c19-outer d-inline-flex h-element\"><a h-use-smooth-scroll=\"true\" href=\"https:\/\/romanologistics.com\/?page_id=364\"  data-colibri-id=\"70-c19\" class=\"d-flex w-100 align-items-center h-link style-222 style-local-70-c19 position-relative\"><!----><!----> <span>M\u00e1s de nosotros<\/span>                    <span class=\"h-svg-icon h-link__icon style-222-icon style-local-70-c19-icon\"><!--Icon by Icons8 Line Awesome (https:\/\/icons8.com\/line-awesome)--><svg version=\"1.1\" xmlns=\"http:\/\/www.w3.org\/2000\/svg\" xmlns:xlink=\"http:\/\/www.w3.org\/1999\/xlink\" id=\"angle-double-right\" viewBox=\"0 0 512 545.5\"><path d=\"M145.5 108.5l168 168L325 288l-11.5 11.5-168 168-22.5-23L279.5 288 123 131.5zm112 0l168 168L437 288l-11.5 11.5-168 168-22.5-23L391.5 288 235 131.5z\"><\/path><\/svg><\/span><\/a>\n                    <\/span>\n                  <\/div>\n                <\/div>\n              <\/div>\n            <\/div>\n          <\/div>\n        <\/div>\n      <\/div>\n    <\/div>\n  <\/div>\n<\/div>","protected":false},"excerpt":{"rendered":"<p>Acerca de nosotros Romano Logistics. es una empresa costarricense especializada en almac\u00e9n general y almac\u00e9n fiscal en El Coyol de Alajuela. Ofrecemos soluciones de almacenamiento seguro y eficiente para empresas nacionales e internacionales, con enfoque en control de inventarios, cumplimiento y servicio personalizado. ALMAC\u00c9N FISCAL Espacio especializado para mercanc\u00edas bajo r\u00e9gimen aduanero, que permite optimizar [&hellip;]<\/p>\n","protected":false},"author":1,"featured_media":0,"parent":0,"menu_order":0,"comment_status":"closed","ping_status":"closed","template":"page-templates\/homepage.php","meta":{"footnotes":""},"class_list":["post-70","page","type-page","status-publish","hentry"],"_links":{"self":[{"href":"https:\/\/romanologistics.com\/index.php?rest_route=\/wp\/v2\/pages\/70","targetHints":{"allow":["GET"]}}],"collection":[{"href":"https:\/\/romanologistics.com\/index.php?rest_route=\/wp\/v2\/pages"}],"about":[{"href":"https:\/\/romanologistics.com\/index.php?rest_route=\/wp\/v2\/types\/page"}],"author":[{"embeddable":true,"href":"https:\/\/romanologistics.com\/index.php?rest_route=\/wp\/v2\/users\/1"}],"replies":[{"embeddable":true,"href":"https:\/\/romanologistics.com\/index.php?rest_route=%2Fwp%2Fv2%2Fcomments&post=70"}],"version-history":[{"count":20,"href":"https:\/\/romanologistics.com\/index.php?rest_route=\/wp\/v2\/pages\/70\/revisions"}],"predecessor-version":[{"id":614,"href":"https:\/\/romanologistics.com\/index.php?rest_route=\/wp\/v2\/pages\/70\/revisions\/614"}],"wp:attachment":[{"href":"https:\/\/romanologistics.com\/index.php?rest_route=%2Fwp%2Fv2%2Fmedia&parent=70"}],"curies":[{"name":"wp","href":"https:\/\/api.w.org\/{rel}","templated":true}]}}