{"id":234,"date":"2025-11-13T11:19:31","date_gmt":"2025-11-13T17:19:31","guid":{"rendered":"https:\/\/romanocr.com\/?page_id=234"},"modified":"2025-11-13T13:55:00","modified_gmt":"2025-11-13T19:55:00","slug":"nuestra-empresa","status":"publish","type":"page","link":"https:\/\/romanologistics.com\/?page_id=234","title":{"rendered":"Nuestra Empresa"},"content":{"rendered":"<div data-colibri-id=\"234-c1\" class=\"style-353 style-local-234-c1 position-relative\">\n  <!---->\n  <div data-colibri-component=\"section\" data-colibri-id=\"234-c2\" id=\"about\" class=\"h-section h-section-global-spacing d-flex align-items-lg-center align-items-md-center align-items-center style-354 style-local-234-c2 position-relative\">\n    <div class=\"background-wrapper\">\n      <div class=\"background-layer background-layer-media-container-lg\">\n        <!---->\n        <div class=\"overlay-layer\">\n          <div class=\"overlay-image-layer\" style=\"background-color: rgb(255, 255, 255); opacity: 0.9;\"><\/div>\n        <\/div>\n      <\/div>\n      <div class=\"background-layer background-layer-media-container-md\">\n        <!---->\n        <div class=\"overlay-layer\">\n          <div class=\"overlay-image-layer\" style=\"background-color: rgb(255, 255, 255); opacity: 0.9;\"><\/div>\n        <\/div>\n      <\/div>\n      <div class=\"background-layer background-layer-media-container\">\n        <!---->\n        <div class=\"overlay-layer\">\n          <div class=\"overlay-image-layer\" style=\"background-color: rgb(255, 255, 255); opacity: 0.9;\"><\/div>\n        <\/div>\n      <\/div>\n    <\/div>\n    <!---->\n    <div class=\"h-section-grid-container h-section-boxed-container\">\n      <!---->\n      <div data-colibri-id=\"234-c3\" class=\"h-row-container gutters-row-lg-0 gutters-row-md-0 gutters-row-0 gutters-row-v-lg-0 gutters-row-v-md-0 gutters-row-v-0 style-355 style-local-234-c3 position-relative\">\n        <!---->\n        <div class=\"h-row justify-content-lg-center justify-content-md-center justify-content-center align-items-lg-stretch align-items-md-stretch align-items-stretch gutters-col-lg-0 gutters-col-md-0 gutters-col-0 gutters-col-v-lg-0 gutters-col-v-md-0 gutters-col-v-0\">\n          <!---->\n          <div class=\"h-column h-column-container d-flex h-col-lg-auto h-col-md-auto h-col-auto style-356-outer style-local-234-c4-outer\">\n            <div data-colibri-id=\"234-c4\" class=\"d-flex h-flex-basis h-column__inner h-ui-empty-state-container h-px-lg-0 h-px-md-0 h-px-0 v-inner-lg-0 v-inner-md-0 v-inner-0 style-356 style-local-234-c4 position-relative\">\n              <!---->\n              <!---->\n              <div class=\"w-100 h-y-container h-column__content h-column__v-align flex-basis-100\">\n                <!---->\n              <\/div>\n            <\/div>\n          <\/div>\n          <div class=\"h-column h-column-container d-flex h-col-lg-auto h-col-md-auto h-col-auto style-357-outer style-local-234-c5-outer\">\n            <div data-colibri-id=\"234-c5\" class=\"d-flex h-flex-basis h-column__inner h-ui-empty-state-container h-px-lg-2 h-px-md-2 h-px-0 v-inner-lg-2 v-inner-md-2 v-inner-0 style-357 style-local-234-c5 position-relative\">\n              <!---->\n              <!---->\n              <div class=\"w-100 h-y-container h-column__content h-column__v-align flex-basis-100\">\n                <!---->\n              <\/div>\n            <\/div>\n          <\/div>\n          <div class=\"h-column h-column-container d-flex h-col-lg-auto h-col-md-auto h-col-auto style-358-outer style-local-234-c6-outer\">\n            <div data-colibri-id=\"234-c6\" class=\"d-flex h-flex-basis h-column__inner h-px-lg-3 h-px-md-3 h-px-3 v-inner-lg-3 v-inner-md-3 v-inner-3 style-358 style-local-234-c6 position-relative\">\n              <!---->\n              <!---->\n              <div class=\"w-100 h-y-container h-column__content h-column__v-align flex-basis-100 align-self-lg-center align-self-md-center align-self-center\">\n                <!---->\n                <div data-colibri-id=\"234-c7\" class=\"h-text h-text-component style-365 style-local-234-c7 position-relative h-element\">\n                  <!---->\n                  <!---->\n                  <div class=\"\">\n                    <p><strong style=\"font-size: 131%; font-weight: 700;\">Nuestra misi\u00f3n<\/strong>\n                      <br>Es brindarte soluciones integrales en log\u00edstica y almacenamiento que hagan tus procesos m\u00e1s simples, eficientes y seguros. Trabajamos con un equipo humano altamente capacitado, comprometido con la calidad, la transparencia y la atenci\u00f3n\n                      personalizada en cada etapa de la cadena.<\/p>\n                  <\/div>\n                <\/div>\n                <div data-colibri-id=\"234-c8\" class=\"h-text h-text-component style-364 style-local-234-c8 position-relative h-element\">\n                  <!---->\n                  <!---->\n                  <div class=\"\">\n                    <p>\n                      <br>\n                    <\/p>\n                    <p><strong style=\"font-size: 131%;\">\u00bfPor qu\u00e9 elegirnos?<\/strong><\/p>\n                    <ul>\n                      <li><strong>Experiencia y trayectoria:<\/strong> Contamos con m\u00e1s de 20 a\u00f1os en el mercado nacional, entendiendo las necesidades reales de las empresas costarricenses.<\/li>\n                      <li><strong>Servicio verdaderamente personalizado:<\/strong> Nos involucramos en tus procesos, te asesoramos y adaptamos nuestras soluciones a la medida de tu negocio, no al rev\u00e9s.<\/li>\n                      <li><strong>Calidad y confiabilidad:<\/strong> Trabajamos con altos est\u00e1ndares operativos para garantizar seguridad, orden y control en cada etapa del servicio.<\/li>\n                      <li><strong>Equipo humano comprometido:<\/strong> Nuestro personal est\u00e1 capacitado, es cercano y orientado a resolver, para que siempre tengas apoyo oportuno y profesional.<\/li>\n                      <li><strong>Enfoque sostenible:<\/strong> Operamos con responsabilidad ambiental, buscando constantemente pr\u00e1cticas que reduzcan el impacto y aporten a una \u201chuella verde\u201d en nuestras operaciones.<\/li>\n                    <\/ul>\n                    <p>\n                      <br>\n                    <\/p>\n                  <\/div>\n                <\/div>\n                <div data-colibri-id=\"234-c9\" class=\"h-text h-text-component style-363 style-local-234-c9 position-relative h-element\">\n                  <!---->\n                  <!---->\n                  <div class=\"\">\n                    <p><span style=\"font-weight: 700; font-size: 131%;\">Visi\u00f3n<\/span><\/p>\n                    <p>Ser una empresa l\u00edder en log\u00edstica y almacenamiento en Costa Rica, reconocida por su excelencia operativa, su calidad humana y su compromiso con el medio ambiente.<\/p>\n                    <p>Aspiramos a consolidarnos como el aliado estrat\u00e9gico preferido de las empresas que buscan crecer de forma sostenible, ofreciendo soluciones innovadoras, seguras y eficientes, que se proyecten en el tiempo y nos permitan mantener un\n                      crecimiento s\u00f3lido y una presencia destacada en el mercado nacional.<\/p>\n                  <\/div>\n                <\/div>\n              <\/div>\n            <\/div>\n          <\/div>\n        <\/div>\n      <\/div>\n    <\/div>\n  <\/div>\n<\/div>","protected":false},"excerpt":{"rendered":"<p>Nuestra misi\u00f3n Es brindarte soluciones integrales en log\u00edstica y almacenamiento que hagan tus procesos m\u00e1s simples, eficientes y seguros. Trabajamos con un equipo humano altamente capacitado, comprometido con la calidad, la transparencia y la atenci\u00f3n personalizada en cada etapa de la cadena. \u00bfPor qu\u00e9 elegirnos? Experiencia y trayectoria: Contamos con m\u00e1s de 20 a\u00f1os en [&hellip;]<\/p>\n","protected":false},"author":1,"featured_media":0,"parent":0,"menu_order":0,"comment_status":"closed","ping_status":"closed","template":"page-templates\/full-width-page.php","meta":{"footnotes":""},"class_list":["post-234","page","type-page","status-publish","hentry"],"_links":{"self":[{"href":"https:\/\/romanologistics.com\/index.php?rest_route=\/wp\/v2\/pages\/234","targetHints":{"allow":["GET"]}}],"collection":[{"href":"https:\/\/romanologistics.com\/index.php?rest_route=\/wp\/v2\/pages"}],"about":[{"href":"https:\/\/romanologistics.com\/index.php?rest_route=\/wp\/v2\/types\/page"}],"author":[{"embeddable":true,"href":"https:\/\/romanologistics.com\/index.php?rest_route=\/wp\/v2\/users\/1"}],"replies":[{"embeddable":true,"href":"https:\/\/romanologistics.com\/index.php?rest_route=%2Fwp%2Fv2%2Fcomments&post=234"}],"version-history":[{"count":12,"href":"https:\/\/romanologistics.com\/index.php?rest_route=\/wp\/v2\/pages\/234\/revisions"}],"predecessor-version":[{"id":420,"href":"https:\/\/romanologistics.com\/index.php?rest_route=\/wp\/v2\/pages\/234\/revisions\/420"}],"wp:attachment":[{"href":"https:\/\/romanologistics.com\/index.php?rest_route=%2Fwp%2Fv2%2Fmedia&parent=234"}],"curies":[{"name":"wp","href":"https:\/\/api.w.org\/{rel}","templated":true}]}}